{"id":119,"date":"2017-06-12T11:13:43","date_gmt":"2017-06-12T09:13:43","guid":{"rendered":"https:\/\/softpar.es\/?page_id=119"},"modified":"2025-01-29T14:46:02","modified_gmt":"2025-01-29T12:46:02","slug":"asistencia-remota","status":"publish","type":"page","link":"https:\/\/softpar.es\/?page_id=119","title":{"rendered":"Asistencia Remota"},"content":{"rendered":"\n<p><span style=\"text-decoration: underline;\"><span style=\"color: #800000; font-size: 18pt; text-decoration: underline;\">Asistencia Remota<\/span><\/span><\/p>\n\n\n\n<p>Nos conectamos a sus equipos y le instalamos programas, arreglamos configuraciones&#8230; Le ense\u00f1amos a usar algunos programas y solventamos todas sus dudas&#8230;<\/p>\n\n\n\n<figure class=\"wp-block-image alignleft\"><a href=\"https:\/\/softpar.es\/sp\/wp-content\/uploads\/2025\/01\/repa-remoto.jpg\"><img loading=\"lazy\" decoding=\"async\" width=\"300\" height=\"300\" src=\"https:\/\/softpar.es\/sp\/wp-content\/uploads\/2025\/01\/repa-remoto-300x300.jpg\" alt=\"\" class=\"wp-image-195\" srcset=\"https:\/\/softpar.es\/sp\/wp-content\/uploads\/2025\/01\/repa-remoto-300x300.jpg 300w, https:\/\/softpar.es\/sp\/wp-content\/uploads\/2025\/01\/repa-remoto-150x150.jpg 150w, https:\/\/softpar.es\/sp\/wp-content\/uploads\/2025\/01\/repa-remoto-270x270.jpg 270w, https:\/\/softpar.es\/sp\/wp-content\/uploads\/2025\/01\/repa-remoto-230x230.jpg 230w, https:\/\/softpar.es\/sp\/wp-content\/uploads\/2025\/01\/repa-remoto.jpg 586w\" sizes=\"(max-width: 300px) 100vw, 300px\" \/><\/a><\/figure>\n\n\n\n<p>Por favor, descargue este programa para la conexi\u00f3n remota a sus equipos:<\/p>\n\n\n\n<p><a href=\"https:\/\/github.com\/rustdesk\/rustdesk\/releases\/download\/1.3.7\/rustdesk-1.3.7-x86_64.exe\"><span style=\"font-size: 14pt;\">Pulse aqu\u00ed para <strong>Descargar Rust Desk<\/strong><\/span><\/a><\/p>\n\n\n\n<p>Es un servicio exclusivo para clientes con mantenimiento.<\/p>\n\n\n\n<p>&nbsp;<\/p>\n","protected":false},"excerpt":{"rendered":"<p>Asistencia Remota Nos conectamos a sus equipos y le instalamos programas, arreglamos configuraciones&#8230; Le ense\u00f1amos a usar algunos programas y solventamos todas sus dudas&#8230; Por favor, descargue este programa para la conexi\u00f3n remota a sus equipos: Pulse aqu\u00ed para Descargar<\/p>\n","protected":false},"author":1,"featured_media":0,"parent":0,"menu_order":0,"comment_status":"closed","ping_status":"closed","template":"","meta":{"footnotes":""},"class_list":["post-119","page","type-page","status-publish","hentry"],"_links":{"self":[{"href":"https:\/\/softpar.es\/index.php?rest_route=\/wp\/v2\/pages\/119"}],"collection":[{"href":"https:\/\/softpar.es\/index.php?rest_route=\/wp\/v2\/pages"}],"about":[{"href":"https:\/\/softpar.es\/index.php?rest_route=\/wp\/v2\/types\/page"}],"author":[{"embeddable":true,"href":"https:\/\/softpar.es\/index.php?rest_route=\/wp\/v2\/users\/1"}],"replies":[{"embeddable":true,"href":"https:\/\/softpar.es\/index.php?rest_route=%2Fwp%2Fv2%2Fcomments&post=119"}],"version-history":[{"count":4,"href":"https:\/\/softpar.es\/index.php?rest_route=\/wp\/v2\/pages\/119\/revisions"}],"predecessor-version":[{"id":197,"href":"https:\/\/softpar.es\/index.php?rest_route=\/wp\/v2\/pages\/119\/revisions\/197"}],"wp:attachment":[{"href":"https:\/\/softpar.es\/index.php?rest_route=%2Fwp%2Fv2%2Fmedia&parent=119"}],"curies":[{"name":"wp","href":"https:\/\/api.w.org\/{rel}","templated":true}]}}