{"id":2,"date":"2015-09-16T04:24:25","date_gmt":"2015-09-16T04:24:25","guid":{"rendered":"http:\/\/wp431m.a10-52-158-154.qa.plesk.ru\/wordpress\/?page_id=2"},"modified":"2022-02-10T19:25:54","modified_gmt":"2022-02-10T17:25:54","slug":"portada","status":"publish","type":"page","link":"https:\/\/softpar.es\/","title":{"rendered":"Inicio"},"content":{"rendered":"<p><span style=\"color: #800000; font-size: large;\">Nuestros servicios:\u00a0\u00a0<\/span><\/p>\n<ul>\n<li>\n<p class=\"auto-style1\"><a href=\"https:\/\/softpar.es\/?page_id=84\">Instalaci\u00f3n y mantenimiento de redes locales<\/a>.<\/p>\n<\/li>\n<li>\n<p class=\"auto-style1\"><strong>Asistencia t\u00e9cnica a domicilio<\/strong>.<\/p>\n<\/li>\n<li>\n<p class=\"auto-style1\">Bonos de asistencia t\u00e9cnica a domicilio.<\/p>\n<\/li>\n<li>\n<p class=\"auto-style1\">Reparaci\u00f3n de ordenadores, impresoras y monitores.<\/p>\n<\/li>\n<li>\n<p class=\"auto-style1\">Montaje de equipos marca Quality Logic.<\/p>\n<\/li>\n<li>\n<p class=\"auto-style1\">Distribuidores de software est\u00e1ndar y consumibles.<\/p>\n<\/li>\n<li>\n<p class=\"auto-style1\">Instalaciones el\u00e9ctricas (solo relacionadas con inform\u00e1tica)<\/p>\n<\/li>\n<li>\n<p class=\"auto-style1\">Alojamiento WEB, dominios y correo<\/p>\n<\/li>\n<\/ul>\n","protected":false},"excerpt":{"rendered":"<p>Nuestros servicios:\u00a0\u00a0 Instalaci\u00f3n y mantenimiento de redes locales. Asistencia t\u00e9cnica a domicilio. Bonos de asistencia t\u00e9cnica a domicilio. Reparaci\u00f3n de ordenadores, impresoras y monitores. Montaje de equipos marca Quality Logic. Distribuidores de software est\u00e1ndar y consumibles. Instalaciones el\u00e9ctricas (solo relacionadas<\/p>\n","protected":false},"author":1,"featured_media":0,"parent":0,"menu_order":0,"comment_status":"closed","ping_status":"closed","template":"","meta":{"footnotes":""},"class_list":["post-2","page","type-page","status-publish","hentry"],"_links":{"self":[{"href":"https:\/\/softpar.es\/index.php?rest_route=\/wp\/v2\/pages\/2"}],"collection":[{"href":"https:\/\/softpar.es\/index.php?rest_route=\/wp\/v2\/pages"}],"about":[{"href":"https:\/\/softpar.es\/index.php?rest_route=\/wp\/v2\/types\/page"}],"author":[{"embeddable":true,"href":"https:\/\/softpar.es\/index.php?rest_route=\/wp\/v2\/users\/1"}],"replies":[{"embeddable":true,"href":"https:\/\/softpar.es\/index.php?rest_route=%2Fwp%2Fv2%2Fcomments&post=2"}],"version-history":[{"count":23,"href":"https:\/\/softpar.es\/index.php?rest_route=\/wp\/v2\/pages\/2\/revisions"}],"predecessor-version":[{"id":179,"href":"https:\/\/softpar.es\/index.php?rest_route=\/wp\/v2\/pages\/2\/revisions\/179"}],"wp:attachment":[{"href":"https:\/\/softpar.es\/index.php?rest_route=%2Fwp%2Fv2%2Fmedia&parent=2"}],"curies":[{"name":"wp","href":"https:\/\/api.w.org\/{rel}","templated":true}]}}