{"id":21,"date":"2015-12-02T17:45:17","date_gmt":"2015-12-02T17:45:17","guid":{"rendered":"http:\/\/softpar.es\/sp\/?page_id=21"},"modified":"2017-05-30T13:57:52","modified_gmt":"2017-05-30T11:57:52","slug":"sobre-nosotros","status":"publish","type":"page","link":"https:\/\/softpar.es\/?page_id=21","title":{"rendered":"Somos una empresa de servicios inform\u00e1ticos a su servicio desde el a\u00f1o 1988"},"content":{"rendered":"<table id=\"table2\" border=\"0\" width=\"100%\">\n<tbody>\n<tr>\n<td colspan=\"4\" width=\"100%\">De todos es de sobras conocido que la inform\u00e1tica ha ido evolucionando tanto que es completamente imprescindible en cualquier empresa, por peque\u00f1a que sea, que necesite de alguna forma informatizar sus datos, facturaci\u00f3n, clientes, pedidos, presupuestos, etc. Como consecuencia de esto, se genera la necesidad de adquirir equipos que ayuden a mejorar y facilitar la gesti\u00f3n de empresas. Aunque esto a veces no es suficiente; en muchos casos se necesita el apoyo de especialistas inform\u00e1ticos.<\/p>\n<p align=\"justify\">Softpar es una empresa concebida para dar <strong>asesoramiento y soporte integral<\/strong> a sus necesidades, facilitando el acceso r\u00e1pido al manejo de sus equipos inform\u00e1ticos e informarle de las novedades y ventajas que aparecen en el sector que sigue evolucionando continuamente, tanto en prestaciones como en accesibilidad.<\/p>\n<p>Softpar pone <a class=\"auto-style1\" href=\"https:\/\/softpar.es\/spl\/contacto.htm\"> a su disposici\u00f3n<\/a> todos los recursos necesarios para que saque el mayor partido de los equipos que adquiera y garantiza una atenci\u00f3n efectiva y personalizada de acuerdo a sus necesidades.<\/td>\n<\/tr>\n<tr>\n<td width=\"25%\"><a href=\"https:\/\/softpar.es\/sp\/wp-content\/uploads\/2015\/12\/salva.jpg\"><img loading=\"lazy\" decoding=\"async\" class=\"aligncenter wp-image-113 size-thumbnail\" src=\"https:\/\/softpar.es\/sp\/wp-content\/uploads\/2015\/12\/salva-150x150.jpg\" alt=\"\" width=\"150\" height=\"150\" srcset=\"https:\/\/softpar.es\/sp\/wp-content\/uploads\/2015\/12\/salva-150x150.jpg 150w, https:\/\/softpar.es\/sp\/wp-content\/uploads\/2015\/12\/salva-270x270.jpg 270w, https:\/\/softpar.es\/sp\/wp-content\/uploads\/2015\/12\/salva-230x230.jpg 230w\" sizes=\"(max-width: 150px) 100vw, 150px\" \/><\/a><\/p>\n<p style=\"text-align: center;\">Salvador Celso<br \/>\nDirecci\u00f3n<\/p>\n<\/td>\n<td style=\"text-align: center;\" width=\"25%\"><a href=\"https:\/\/softpar.es\/sp\/wp-content\/uploads\/2015\/12\/francisk.jpg\"><img loading=\"lazy\" decoding=\"async\" class=\"aligncenter wp-image-112 size-thumbnail\" src=\"https:\/\/softpar.es\/sp\/wp-content\/uploads\/2015\/12\/francisk-150x150.jpg\" alt=\"\" width=\"150\" height=\"150\" srcset=\"https:\/\/softpar.es\/sp\/wp-content\/uploads\/2015\/12\/francisk-150x150.jpg 150w, https:\/\/softpar.es\/sp\/wp-content\/uploads\/2015\/12\/francisk-270x269.jpg 270w, https:\/\/softpar.es\/sp\/wp-content\/uploads\/2015\/12\/francisk-230x230.jpg 230w\" sizes=\"(max-width: 150px) 100vw, 150px\" \/><\/a><\/p>\n<p>Francisco Parejo<br \/>\nDirector t\u00e9cnico<\/td>\n<td style=\"text-align: center;\" width=\"25%\"><a href=\"https:\/\/softpar.es\/sp\/wp-content\/uploads\/2015\/12\/carlos.jpg\"><img loading=\"lazy\" decoding=\"async\" class=\"aligncenter wp-image-111 size-thumbnail\" src=\"https:\/\/softpar.es\/sp\/wp-content\/uploads\/2015\/12\/carlos-150x150.jpg\" alt=\"\" width=\"150\" height=\"150\" srcset=\"https:\/\/softpar.es\/sp\/wp-content\/uploads\/2015\/12\/carlos-150x150.jpg 150w, https:\/\/softpar.es\/sp\/wp-content\/uploads\/2015\/12\/carlos-270x269.jpg 270w, https:\/\/softpar.es\/sp\/wp-content\/uploads\/2015\/12\/carlos-230x230.jpg 230w\" sizes=\"(max-width: 150px) 100vw, 150px\" \/><\/a><\/p>\n<p>Ra\u00fal L\u00f3pez<br \/>\nComercial<\/td>\n<td width=\"25%\"><\/td>\n<\/tr>\n<\/tbody>\n<\/table>\n<p style=\"text-align: center;\"><span style=\"color: #800080;\"><strong>Softpar Logic es actualmente<\/strong>:<\/span><\/p>\n<p style=\"text-align: center;\"><span style=\"color: #800080;\">\u2013 Integrador Autorizado de Intel (IPI)<\/span><\/p>\n<p style=\"text-align: center;\"><span style=\"color: #800080;\">\u2013 Networking Partner de 3Com, D-Link, TP-Link y Ubiquiti Unifi<\/span><\/p>\n<p style=\"text-align: center;\"><span style=\"color: #800080;\">\u2013 Distribuidor: Sage (Contaplus y Facturaplus) y ContaSol &#8211; FactuSol<\/span><\/p>\n<p style=\"text-align: center;\"><span style=\"color: #800080;\">\u2013 MCP \u2013 Profesional Certificado Microsoft en Servidores<\/span><\/p>\n","protected":false},"excerpt":{"rendered":"<p>De todos es de sobras conocido que la inform\u00e1tica ha ido evolucionando tanto que es completamente imprescindible en cualquier empresa, por peque\u00f1a que sea, que necesite de alguna forma informatizar sus datos, facturaci\u00f3n, clientes, pedidos, presupuestos, etc. Como consecuencia de<\/p>\n","protected":false},"author":1,"featured_media":0,"parent":0,"menu_order":0,"comment_status":"closed","ping_status":"closed","template":"","meta":{"footnotes":""},"class_list":["post-21","page","type-page","status-publish","hentry"],"_links":{"self":[{"href":"https:\/\/softpar.es\/index.php?rest_route=\/wp\/v2\/pages\/21"}],"collection":[{"href":"https:\/\/softpar.es\/index.php?rest_route=\/wp\/v2\/pages"}],"about":[{"href":"https:\/\/softpar.es\/index.php?rest_route=\/wp\/v2\/types\/page"}],"author":[{"embeddable":true,"href":"https:\/\/softpar.es\/index.php?rest_route=\/wp\/v2\/users\/1"}],"replies":[{"embeddable":true,"href":"https:\/\/softpar.es\/index.php?rest_route=%2Fwp%2Fv2%2Fcomments&post=21"}],"version-history":[{"count":16,"href":"https:\/\/softpar.es\/index.php?rest_route=\/wp\/v2\/pages\/21\/revisions"}],"predecessor-version":[{"id":114,"href":"https:\/\/softpar.es\/index.php?rest_route=\/wp\/v2\/pages\/21\/revisions\/114"}],"wp:attachment":[{"href":"https:\/\/softpar.es\/index.php?rest_route=%2Fwp%2Fv2%2Fmedia&parent=21"}],"curies":[{"name":"wp","href":"https:\/\/api.w.org\/{rel}","templated":true}]}}