{"id":84,"date":"2015-12-09T20:48:53","date_gmt":"2015-12-09T19:48:53","guid":{"rendered":"http:\/\/softpar.es\/sp\/?page_id=84"},"modified":"2015-12-09T20:52:03","modified_gmt":"2015-12-09T19:52:03","slug":"instalacion-y-mantenimiento-de-redes-locales","status":"publish","type":"page","link":"https:\/\/softpar.es\/?page_id=84","title":{"rendered":"Instalaci\u00f3n y mantenimiento de redes locales"},"content":{"rendered":"<p>Dise\u00f1amos su red local con conectividad a internet, asegur\u00e1ndonos de configurar y optimizar sus dispositivos de red, tales como switches, routers, access points, firewalls, \u2026 para conseguir el m\u00e1ximo rendimiento, tanto de su red cableada, como de la inal\u00e1mbrica, creando zonas para invitados, y siempre con la m\u00e1xima seguridad.<\/p>\n<p>Estos dispositivos sin una correcta configuraci\u00f3n pueden darnos problemas de conexi\u00f3n, incluso provocar vulnerabilidades en nuestra red, permitiendo que ataques externos puedan llegar a ver, modificar o incluso eliminar archivos.<br \/>\nLa base del buen funcionamiento de una red es su correcto dise\u00f1o y una implementaci\u00f3n con equipos de primera calidad, para conseguir as\u00ed el mejor funcionamiento de los servidores y las estaciones de trabajo. Y para un buen trabajo, es necesario un buen t\u00e9cnico, formado, certificado y con experiencia.<\/p>\n<p>Nuestros t\u00e9cnicos realizan el dise\u00f1o, instalaci\u00f3n f\u00edsica y l\u00f3gica, mantenimiento preventivo y correctivo, certificaci\u00f3n y administraci\u00f3n de su red de \u00e1rea local; es decir, un servicio integral para que su empresa no se pare en ning\u00fan momento.<\/p>\n<p>En cuanto al cableado f\u00edsico, es importante que un t\u00e9cnico certificado coordine las obras o reformas que se deban realizar en sus instalaciones, ya que una mala instalaci\u00f3n del cableado puede provocar innumerables problemas que pueden afectar al correcto funcionamiento y\/o rendimiento de la instalaci\u00f3n.<\/p>\n<p>Especialmente, y por experiencia, le invitamos a vigilar a sus:<\/p>\n<ul>\n<li>Electricistas, que usan las canaletas de cables de datos para meter cables el\u00e9ctricos o tiran canaletas o tubos paralelos que alg\u00fan punto se entrecruzan\u2026 A veces usan los pares 4-5 o 7-8 del cable de red para pasar la l\u00ednea de tel\u00e9fono, inutilizando as\u00ed el cable de red para funcionar a gigabit\u2026<\/li>\n<li>Alba\u00f1iles y pintores, pueden cortar los cables cuando les estorban pensando que despu\u00e9s se pueden empalmar f\u00e1cilmente\u2026<\/li>\n<li>Sus propios usuarios, que pueden conectar estufas, aires acondicionados, ventiladores, etc\u2026 en la l\u00ednea de SAI, o demasiado cerca de nuestros aparatos inform\u00e1ticos, provoc\u00e1ndoles as\u00ed interferencias que reducen su rendimiento\u2026<\/li>\n<\/ul>\n","protected":false},"excerpt":{"rendered":"<p>Dise\u00f1amos su red local con conectividad a internet, asegur\u00e1ndonos de configurar y optimizar sus dispositivos de red, tales como switches, routers, access points, firewalls, \u2026 para conseguir el m\u00e1ximo rendimiento, tanto de su red cableada, como de la inal\u00e1mbrica, creando<\/p>\n","protected":false},"author":1,"featured_media":0,"parent":0,"menu_order":0,"comment_status":"closed","ping_status":"closed","template":"","meta":{"footnotes":""},"class_list":["post-84","page","type-page","status-publish","hentry"],"_links":{"self":[{"href":"https:\/\/softpar.es\/index.php?rest_route=\/wp\/v2\/pages\/84"}],"collection":[{"href":"https:\/\/softpar.es\/index.php?rest_route=\/wp\/v2\/pages"}],"about":[{"href":"https:\/\/softpar.es\/index.php?rest_route=\/wp\/v2\/types\/page"}],"author":[{"embeddable":true,"href":"https:\/\/softpar.es\/index.php?rest_route=\/wp\/v2\/users\/1"}],"replies":[{"embeddable":true,"href":"https:\/\/softpar.es\/index.php?rest_route=%2Fwp%2Fv2%2Fcomments&post=84"}],"version-history":[{"count":2,"href":"https:\/\/softpar.es\/index.php?rest_route=\/wp\/v2\/pages\/84\/revisions"}],"predecessor-version":[{"id":87,"href":"https:\/\/softpar.es\/index.php?rest_route=\/wp\/v2\/pages\/84\/revisions\/87"}],"wp:attachment":[{"href":"https:\/\/softpar.es\/index.php?rest_route=%2Fwp%2Fv2%2Fmedia&parent=84"}],"curies":[{"name":"wp","href":"https:\/\/api.w.org\/{rel}","templated":true}]}}